{"id":103,"date":"2023-11-20T21:43:46","date_gmt":"2023-11-20T20:43:46","guid":{"rendered":"https:\/\/fam-gollnick.de\/?page_id=103"},"modified":"2024-03-12T09:32:59","modified_gmt":"2024-03-12T08:32:59","slug":"bildung","status":"publish","type":"page","link":"https:\/\/patrick.fam-gollnick.de\/index.php\/bildung\/","title":{"rendered":"Bildung"},"content":{"rendered":"\t\t<div data-elementor-type=\"wp-page\" data-elementor-id=\"103\" class=\"elementor elementor-103\">\n\t\t\t\t<div class=\"elementor-element elementor-element-eb82b6f e-flex e-con-boxed e-con e-parent\" data-id=\"eb82b6f\" data-element_type=\"container\" data-e-type=\"container\">\n\t\t\t\t\t<div class=\"e-con-inner\">\n\t\t\t\t<div class=\"elementor-element elementor-element-5dc414d elementor-widget__width-initial elementor-widget elementor-widget-text-editor\" data-id=\"5dc414d\" data-element_type=\"widget\" data-e-type=\"widget\" data-widget_type=\"text-editor.default\">\n\t\t\t\t<div class=\"elementor-widget-container\">\n\t\t\t\t\t\t\t\t\t<h4 style=\"text-align: left;\"><span style=\"color: #303030;\">M.A. Marketing &amp; Sales Management<\/span><\/h4><p><img decoding=\"async\" class=\"wp-image-217 alignleft\" src=\"https:\/\/patrick.fam-gollnick.de\/wp-content\/uploads\/2023\/11\/dockland-6779964_1280-300x199.jpg\" alt=\"\" width=\"202\" height=\"134\" srcset=\"https:\/\/patrick.fam-gollnick.de\/wp-content\/uploads\/2023\/11\/dockland-6779964_1280-300x199.jpg 300w, https:\/\/patrick.fam-gollnick.de\/wp-content\/uploads\/2023\/11\/dockland-6779964_1280-1024x680.jpg 1024w, https:\/\/patrick.fam-gollnick.de\/wp-content\/uploads\/2023\/11\/dockland-6779964_1280-768x510.jpg 768w, https:\/\/patrick.fam-gollnick.de\/wp-content\/uploads\/2023\/11\/dockland-6779964_1280-1140x757.jpg 1140w, https:\/\/patrick.fam-gollnick.de\/wp-content\/uploads\/2023\/11\/dockland-6779964_1280.jpg 1280w\" sizes=\"(max-width: 202px) 100vw, 202px\" \/><\/p><p style=\"text-align: left;\">Den berufsbegleitenden Masterstudiengang, an der Nordakademie Graduate School, absolvierte ich von 2017 bis 2019. Meine Masterthesis erarbeitete ich zusammen mit der K\u00fcche&amp;Co GmbH. Durch den Abschluss erweiterte ich meine fundierte Basis, um den Fokus verst\u00e4rkt auf den Vertrieb legen zu k\u00f6nnen.<\/p>\t\t\t\t\t\t\t\t<\/div>\n\t\t\t\t<\/div>\n\t\t\t\t<div class=\"elementor-element elementor-element-d54ea41 elementor-widget-divider--view-line elementor-widget elementor-widget-divider\" data-id=\"d54ea41\" data-element_type=\"widget\" data-e-type=\"widget\" data-widget_type=\"divider.default\">\n\t\t\t\t<div class=\"elementor-widget-container\">\n\t\t\t\t\t\t\t<div class=\"elementor-divider\">\n\t\t\t<span class=\"elementor-divider-separator\">\n\t\t\t\t\t\t<\/span>\n\t\t<\/div>\n\t\t\t\t\t\t<\/div>\n\t\t\t\t<\/div>\n\t\t\t\t<div class=\"elementor-element elementor-element-fd1df42 elementor-widget__width-initial elementor-widget elementor-widget-text-editor\" data-id=\"fd1df42\" data-element_type=\"widget\" data-e-type=\"widget\" data-widget_type=\"text-editor.default\">\n\t\t\t\t<div class=\"elementor-widget-container\">\n\t\t\t\t\t\t\t\t\t<h4><span style=\"color: #303030;\">B.A. Event &amp; Entertainment<\/span><\/h4><p><img decoding=\"async\" class=\" wp-image-215 alignleft\" src=\"https:\/\/patrick.fam-gollnick.de\/wp-content\/uploads\/2023\/11\/fhm-hannover-300x200.jpg\" alt=\"\" width=\"202\" height=\"134\" srcset=\"https:\/\/patrick.fam-gollnick.de\/wp-content\/uploads\/2023\/11\/fhm-hannover-300x200.jpg 300w, https:\/\/patrick.fam-gollnick.de\/wp-content\/uploads\/2023\/11\/fhm-hannover.jpg 736w\" sizes=\"(max-width: 202px) 100vw, 202px\" \/><\/p><p style=\"text-align: left;\">Den Studiengang Event- und Entertainment absolvierte ich an der FHM in Hannover von 2014 bis 2017. In dieser Zeit sammelte ich Praxiserfahrung beim Unternehmen AIDA Cruises. Meine Bachelorthesis erarbeitete ich zusammen mit der weCan Live Marketing Agentur.\u00a0\u00a0<\/p>\t\t\t\t\t\t\t\t<\/div>\n\t\t\t\t<\/div>\n\t\t\t\t\t<\/div>\n\t\t\t\t<\/div>\n\t\t<div class=\"elementor-element elementor-element-7b69207 e-flex e-con-boxed e-con e-parent\" data-id=\"7b69207\" data-element_type=\"container\" data-e-type=\"container\">\n\t\t\t\t\t<div class=\"e-con-inner\">\n\t\t\t\t<div class=\"elementor-element elementor-element-9c6f755 elementor-widget-divider--view-line elementor-widget elementor-widget-divider\" data-id=\"9c6f755\" data-element_type=\"widget\" data-e-type=\"widget\" data-widget_type=\"divider.default\">\n\t\t\t\t<div class=\"elementor-widget-container\">\n\t\t\t\t\t\t\t<div class=\"elementor-divider\">\n\t\t\t<span class=\"elementor-divider-separator\">\n\t\t\t\t\t\t<\/span>\n\t\t<\/div>\n\t\t\t\t\t\t<\/div>\n\t\t\t\t<\/div>\n\t\t\t\t\t<\/div>\n\t\t\t\t<\/div>\n\t\t<div class=\"elementor-element elementor-element-d246e1d e-flex e-con-boxed e-con e-parent\" data-id=\"d246e1d\" data-element_type=\"container\" data-e-type=\"container\">\n\t\t\t\t\t<div class=\"e-con-inner\">\n\t\t<div class=\"elementor-element elementor-element-1f71514 e-con-full e-flex e-con e-child\" data-id=\"1f71514\" data-element_type=\"container\" data-e-type=\"container\">\n\t\t\t\t<div class=\"elementor-element elementor-element-3efcdde elementor-widget elementor-widget-image\" data-id=\"3efcdde\" data-element_type=\"widget\" data-e-type=\"widget\" data-widget_type=\"image.default\">\n\t\t\t\t<div class=\"elementor-widget-container\">\n\t\t\t\t\t\t\t\t\t\t\t\t\t\t\t<img fetchpriority=\"high\" decoding=\"async\" width=\"1024\" height=\"682\" src=\"https:\/\/patrick.fam-gollnick.de\/wp-content\/uploads\/2023\/11\/success-4168389_1280-1024x682.jpg\" class=\"attachment-large size-large wp-image-219\" alt=\"\" srcset=\"https:\/\/patrick.fam-gollnick.de\/wp-content\/uploads\/2023\/11\/success-4168389_1280-1024x682.jpg 1024w, https:\/\/patrick.fam-gollnick.de\/wp-content\/uploads\/2023\/11\/success-4168389_1280-300x200.jpg 300w, https:\/\/patrick.fam-gollnick.de\/wp-content\/uploads\/2023\/11\/success-4168389_1280-768x512.jpg 768w, https:\/\/patrick.fam-gollnick.de\/wp-content\/uploads\/2023\/11\/success-4168389_1280-1140x760.jpg 1140w, https:\/\/patrick.fam-gollnick.de\/wp-content\/uploads\/2023\/11\/success-4168389_1280.jpg 1280w\" sizes=\"(max-width: 1024px) 100vw, 1024px\" \/>\t\t\t\t\t\t\t\t\t\t\t\t\t\t\t<\/div>\n\t\t\t\t<\/div>\n\t\t\t\t<\/div>\n\t\t<div class=\"elementor-element elementor-element-335819f e-con-full e-flex e-con e-child\" data-id=\"335819f\" data-element_type=\"container\" data-e-type=\"container\">\n\t\t\t\t<div class=\"elementor-element elementor-element-29d7741 elementor-widget elementor-widget-text-editor\" data-id=\"29d7741\" data-element_type=\"widget\" data-e-type=\"widget\" data-widget_type=\"text-editor.default\">\n\t\t\t\t<div class=\"elementor-widget-container\">\n\t\t\t\t\t\t\t\t\t<h4><span style=\"color: #303030;\">Stetige Weiterentwicklung<\/span><\/h4><p>Die pers\u00f6nliche Weiterentwicklung ist mir sehr wichtig. Ich m\u00f6chte keinen Stillstand &#8211; deswegen versuche ich regelm\u00e4\u00dfig an Schulungen oder Weiterbildungen teilzunehmen.<\/p>\t\t\t\t\t\t\t\t<\/div>\n\t\t\t\t<\/div>\n\t\t\t\t<\/div>\n\t\t\t\t\t<\/div>\n\t\t\t\t<\/div>\n\t\t<div class=\"elementor-element elementor-element-9a91c87 e-flex e-con-boxed e-con e-parent\" data-id=\"9a91c87\" data-element_type=\"container\" data-e-type=\"container\">\n\t\t\t\t\t<div class=\"e-con-inner\">\n\t\t<div class=\"elementor-element elementor-element-f7c91ed e-con-full e-flex e-con e-child\" data-id=\"f7c91ed\" data-element_type=\"container\" data-e-type=\"container\">\n\t\t\t\t<div class=\"elementor-element elementor-element-378751d elementor-view-framed elementor-shape-circle elementor-widget elementor-widget-icon\" data-id=\"378751d\" data-element_type=\"widget\" data-e-type=\"widget\" data-widget_type=\"icon.default\">\n\t\t\t\t<div class=\"elementor-widget-container\">\n\t\t\t\t\t\t\t<div class=\"elementor-icon-wrapper\">\n\t\t\t<div class=\"elementor-icon\">\n\t\t\t<svg aria-hidden=\"true\" class=\"e-font-icon-svg e-fas-calendar-check\" viewBox=\"0 0 448 512\" xmlns=\"http:\/\/www.w3.org\/2000\/svg\"><path d=\"M436 160H12c-6.627 0-12-5.373-12-12v-36c0-26.51 21.49-48 48-48h48V12c0-6.627 5.373-12 12-12h40c6.627 0 12 5.373 12 12v52h128V12c0-6.627 5.373-12 12-12h40c6.627 0 12 5.373 12 12v52h48c26.51 0 48 21.49 48 48v36c0 6.627-5.373 12-12 12zM12 192h424c6.627 0 12 5.373 12 12v260c0 26.51-21.49 48-48 48H48c-26.51 0-48-21.49-48-48V204c0-6.627 5.373-12 12-12zm333.296 95.947l-28.169-28.398c-4.667-4.705-12.265-4.736-16.97-.068L194.12 364.665l-45.98-46.352c-4.667-4.705-12.266-4.736-16.971-.068l-28.397 28.17c-4.705 4.667-4.736 12.265-.068 16.97l82.601 83.269c4.667 4.705 12.265 4.736 16.97.068l142.953-141.805c4.705-4.667 4.736-12.265.068-16.97z\"><\/path><\/svg>\t\t\t<\/div>\n\t\t<\/div>\n\t\t\t\t\t\t<\/div>\n\t\t\t\t<\/div>\n\t\t\t\t<\/div>\n\t\t<div class=\"elementor-element elementor-element-831d73d e-con-full e-flex e-con e-child\" data-id=\"831d73d\" data-element_type=\"container\" data-e-type=\"container\">\n\t\t\t\t<div class=\"elementor-element elementor-element-ae60047 elementor-widget elementor-widget-text-editor\" data-id=\"ae60047\" data-element_type=\"widget\" data-e-type=\"widget\" data-widget_type=\"text-editor.default\">\n\t\t\t\t<div class=\"elementor-widget-container\">\n\t\t\t\t\t\t\t\t\t<p><strong>22.04. bis 07.05.2024<\/strong> (Pr\u00e4senz): Vertriebsleiter TA Bildungszentrum in Hannover (IHK Zertifikat)<\/p>\t\t\t\t\t\t\t\t<\/div>\n\t\t\t\t<\/div>\n\t\t\t\t<\/div>\n\t\t\t\t\t<\/div>\n\t\t\t\t<\/div>\n\t\t<div class=\"elementor-element elementor-element-6bb350f e-flex e-con-boxed e-con e-parent\" data-id=\"6bb350f\" data-element_type=\"container\" data-e-type=\"container\">\n\t\t\t\t\t<div class=\"e-con-inner\">\n\t\t\t\t<div class=\"elementor-element elementor-element-47a8b7b elementor-widget elementor-widget-text-editor\" data-id=\"47a8b7b\" data-element_type=\"widget\" data-e-type=\"widget\" data-widget_type=\"text-editor.default\">\n\t\t\t\t<div class=\"elementor-widget-container\">\n\t\t\t\t\t\t\t\t\t<blockquote><p><span style=\"color: #303030;\">&#8222;Wer immer tut, was er schon kann, bleibt immer das, was er schon ist&#8220; (Henry Ford)<\/span><\/p><\/blockquote>\t\t\t\t\t\t\t\t<\/div>\n\t\t\t\t<\/div>\n\t\t\t\t\t<\/div>\n\t\t\t\t<\/div>\n\t\t\t\t<\/div>\n\t\t","protected":false},"excerpt":{"rendered":"<p>M.A. Marketing &amp; Sales Management Den berufsbegleitenden Masterstudiengang, an der Nordakademie Graduate School, absolvierte ich von 2017 bis 2019. Meine Masterthesis erarbeitete ich zusammen mit der K\u00fcche&amp;Co GmbH. Durch den Abschluss erweiterte ich meine fundierte<span class=\"more-dots\">&#8230;<\/span><\/p>\n","protected":false},"author":1,"featured_media":0,"parent":0,"menu_order":2,"comment_status":"closed","ping_status":"closed","template":"","meta":{"footnotes":""},"class_list":["post-103","page","type-page","status-publish","hentry","no-post-thumbnail"],"_links":{"self":[{"href":"https:\/\/patrick.fam-gollnick.de\/index.php\/wp-json\/wp\/v2\/pages\/103","targetHints":{"allow":["GET"]}}],"collection":[{"href":"https:\/\/patrick.fam-gollnick.de\/index.php\/wp-json\/wp\/v2\/pages"}],"about":[{"href":"https:\/\/patrick.fam-gollnick.de\/index.php\/wp-json\/wp\/v2\/types\/page"}],"author":[{"embeddable":true,"href":"https:\/\/patrick.fam-gollnick.de\/index.php\/wp-json\/wp\/v2\/users\/1"}],"replies":[{"embeddable":true,"href":"https:\/\/patrick.fam-gollnick.de\/index.php\/wp-json\/wp\/v2\/comments?post=103"}],"version-history":[{"count":129,"href":"https:\/\/patrick.fam-gollnick.de\/index.php\/wp-json\/wp\/v2\/pages\/103\/revisions"}],"predecessor-version":[{"id":516,"href":"https:\/\/patrick.fam-gollnick.de\/index.php\/wp-json\/wp\/v2\/pages\/103\/revisions\/516"}],"wp:attachment":[{"href":"https:\/\/patrick.fam-gollnick.de\/index.php\/wp-json\/wp\/v2\/media?parent=103"}],"curies":[{"name":"wp","href":"https:\/\/api.w.org\/{rel}","templated":true}]}}