{"id":105,"date":"2023-11-20T21:45:31","date_gmt":"2023-11-20T20:45:31","guid":{"rendered":"https:\/\/fam-gollnick.de\/?page_id=105"},"modified":"2025-02-26T13:36:32","modified_gmt":"2025-02-26T12:36:32","slug":"taetigkeiten","status":"publish","type":"page","link":"https:\/\/patrick.fam-gollnick.de\/index.php\/taetigkeiten\/","title":{"rendered":"T\u00e4tigkeiten"},"content":{"rendered":"\t\t<div data-elementor-type=\"wp-page\" data-elementor-id=\"105\" class=\"elementor elementor-105\">\n\t\t\t\t<div class=\"elementor-element elementor-element-58b6148 e-flex e-con-boxed e-con e-parent\" data-id=\"58b6148\" data-element_type=\"container\" data-e-type=\"container\">\n\t\t\t\t\t<div class=\"e-con-inner\">\n\t\t<div class=\"elementor-element elementor-element-b371dfc e-con-full e-flex e-con e-child\" data-id=\"b371dfc\" data-element_type=\"container\" data-e-type=\"container\">\n\t\t\t\t<div class=\"elementor-element elementor-element-318746e elementor-widget elementor-widget-image\" data-id=\"318746e\" data-element_type=\"widget\" data-e-type=\"widget\" data-widget_type=\"image.default\">\n\t\t\t\t<div class=\"elementor-widget-container\">\n\t\t\t\t\t\t\t\t\t\t\t\t\t\t\t<img fetchpriority=\"high\" decoding=\"async\" width=\"1024\" height=\"751\" src=\"https:\/\/patrick.fam-gollnick.de\/wp-content\/uploads\/2023\/11\/DTB_C_Trainer_Logo-1-1024x751.jpg\" class=\"attachment-large size-large wp-image-373\" alt=\"\" srcset=\"https:\/\/patrick.fam-gollnick.de\/wp-content\/uploads\/2023\/11\/DTB_C_Trainer_Logo-1-1024x751.jpg 1024w, https:\/\/patrick.fam-gollnick.de\/wp-content\/uploads\/2023\/11\/DTB_C_Trainer_Logo-1-300x220.jpg 300w, https:\/\/patrick.fam-gollnick.de\/wp-content\/uploads\/2023\/11\/DTB_C_Trainer_Logo-1-768x563.jpg 768w, https:\/\/patrick.fam-gollnick.de\/wp-content\/uploads\/2023\/11\/DTB_C_Trainer_Logo-1-1536x1126.jpg 1536w, https:\/\/patrick.fam-gollnick.de\/wp-content\/uploads\/2023\/11\/DTB_C_Trainer_Logo-1-2048x1501.jpg 2048w, https:\/\/patrick.fam-gollnick.de\/wp-content\/uploads\/2023\/11\/DTB_C_Trainer_Logo-1-1140x836.jpg 1140w\" sizes=\"(max-width: 1024px) 100vw, 1024px\" \/>\t\t\t\t\t\t\t\t\t\t\t\t\t\t\t<\/div>\n\t\t\t\t<\/div>\n\t\t\t\t<\/div>\n\t\t<div class=\"elementor-element elementor-element-6373e11 e-con-full e-flex e-con e-child\" data-id=\"6373e11\" data-element_type=\"container\" data-e-type=\"container\">\n\t\t\t\t<div class=\"elementor-element elementor-element-fd76eae elementor-widget__width-initial elementor-widget elementor-widget-text-editor\" data-id=\"fd76eae\" data-element_type=\"widget\" data-e-type=\"widget\" data-widget_type=\"text-editor.default\">\n\t\t\t\t<div class=\"elementor-widget-container\">\n\t\t\t\t\t\t\t\t\t<h3 data-start=\"101\" data-end=\"175\"><strong data-start=\"105\" data-end=\"173\">Individuelles Tennistraining mit Fokus auf Technik und Pr\u00e4zision<\/strong><\/h3><p data-start=\"177\" data-end=\"564\">Als offizieller DTB C-Trainer im Bereich Leistungssport seit 2012 biete ich professionelles Tennistraining f\u00fcr Kinder, Jugendliche und Erwachsene an. Mit langj\u00e4hriger Erfahrung als Trainer in der Tennisschule Dimitri Ponomar (Tennisfreunde Ahrensfelde), beim SV-T. B\u00fcnningstedt sowie aktuell im Tennispark Witth\u00f6ft liegt mein Schwerpunkt auf der technischen Entwicklung meiner Spieler*innen..<\/p><h4 data-start=\"566\" data-end=\"598\"><strong data-start=\"571\" data-end=\"596\">Mein Trainingsansatz:<\/strong><\/h4><p data-start=\"599\" data-end=\"1006\">\u2714 <strong data-start=\"601\" data-end=\"627\">Technische Perfektion:<\/strong> Klare, einfache Erkl\u00e4rungen und gezielte Korrekturen helfen meinen Spielern,\u00a0 ihre Schl\u00e4ge nachhaltig zu verbessern.<br data-start=\"743\" data-end=\"746\" \/>\u2714 <strong data-start=\"748\" data-end=\"772\">Spielerische Praxis:<\/strong> Durch abwechslungsreiche \u00dcbungen und matchnahe Situationen wird die Technik effektiv in das Spiel integriert.<\/p>\t\t\t\t\t\t\t\t<\/div>\n\t\t\t\t<\/div>\n\t\t\t\t<\/div>\n\t\t\t\t\t<\/div>\n\t\t\t\t<\/div>\n\t\t<div class=\"elementor-element elementor-element-3f919a4 e-flex e-con-boxed e-con e-parent\" data-id=\"3f919a4\" data-element_type=\"container\" data-e-type=\"container\">\n\t\t\t\t\t<div class=\"e-con-inner\">\n\t\t\t\t<div class=\"elementor-element elementor-element-e68b98e elementor-widget-divider--view-line elementor-widget elementor-widget-divider\" data-id=\"e68b98e\" data-element_type=\"widget\" data-e-type=\"widget\" data-widget_type=\"divider.default\">\n\t\t\t\t<div class=\"elementor-widget-container\">\n\t\t\t\t\t\t\t<div class=\"elementor-divider\">\n\t\t\t<span class=\"elementor-divider-separator\">\n\t\t\t\t\t\t<\/span>\n\t\t<\/div>\n\t\t\t\t\t\t<\/div>\n\t\t\t\t<\/div>\n\t\t\t\t\t<\/div>\n\t\t\t\t<\/div>\n\t\t<div class=\"elementor-element elementor-element-83f672a e-flex e-con-boxed e-con e-parent\" data-id=\"83f672a\" data-element_type=\"container\" data-e-type=\"container\">\n\t\t\t\t\t<div class=\"e-con-inner\">\n\t\t<div class=\"elementor-element elementor-element-4a39235 e-con-full e-flex e-con e-child\" data-id=\"4a39235\" data-element_type=\"container\" data-e-type=\"container\">\n\t\t\t\t<div class=\"elementor-element elementor-element-2a280ad elementor-widget elementor-widget-image\" data-id=\"2a280ad\" data-element_type=\"widget\" data-e-type=\"widget\" data-widget_type=\"image.default\">\n\t\t\t\t<div class=\"elementor-widget-container\">\n\t\t\t\t\t\t\t\t\t\t\t\t\t\t\t<img decoding=\"async\" width=\"350\" height=\"206\" src=\"https:\/\/patrick.fam-gollnick.de\/wp-content\/uploads\/2023\/11\/Websitelogo.png\" class=\"attachment-large size-large wp-image-374\" alt=\"\" srcset=\"https:\/\/patrick.fam-gollnick.de\/wp-content\/uploads\/2023\/11\/Websitelogo.png 350w, https:\/\/patrick.fam-gollnick.de\/wp-content\/uploads\/2023\/11\/Websitelogo-300x177.png 300w\" sizes=\"(max-width: 350px) 100vw, 350px\" \/>\t\t\t\t\t\t\t\t\t\t\t\t\t\t\t<\/div>\n\t\t\t\t<\/div>\n\t\t\t\t<\/div>\n\t\t<div class=\"elementor-element elementor-element-f9d3b46 e-con-full e-flex e-con e-child\" data-id=\"f9d3b46\" data-element_type=\"container\" data-e-type=\"container\">\n\t\t\t\t<div class=\"elementor-element elementor-element-1c8c1d8 elementor-widget elementor-widget-text-editor\" data-id=\"1c8c1d8\" data-element_type=\"widget\" data-e-type=\"widget\" data-widget_type=\"text-editor.default\">\n\t\t\t\t<div class=\"elementor-widget-container\">\n\t\t\t\t\t\t\t\t\t<h3 data-start=\"101\" data-end=\"175\"><strong data-start=\"105\" data-end=\"173\">IT-Support<\/strong><\/h3><p>Ich bringe meine Expertise in IT und Digitalisierung ein, um das Familienunternehmen mit modernen L\u00f6sungen wie einem CRM-System, digitalen Prozessen\/ Abl\u00e4ufen sowie einer benutzerfreundlichen Website zu optimieren. Ich k\u00fcmmere mich au\u00dferdem um die Pflege des Internetauftritts, einschlie\u00dflich Google My Business, und stehe vereinzelnd Kunden f\u00fcr Fragen zur Verf\u00fcgung.<\/p>\t\t\t\t\t\t\t\t<\/div>\n\t\t\t\t<\/div>\n\t\t\t\t<\/div>\n\t\t\t\t\t<\/div>\n\t\t\t\t<\/div>\n\t\t\t\t<\/div>\n\t\t","protected":false},"excerpt":{"rendered":"<p>Individuelles Tennistraining mit Fokus auf Technik und Pr\u00e4zision Als offizieller DTB C-Trainer im Bereich Leistungssport seit 2012 biete ich professionelles Tennistraining f\u00fcr Kinder, Jugendliche und Erwachsene an. Mit langj\u00e4hriger Erfahrung als Trainer in der Tennisschule<span class=\"more-dots\">&#8230;<\/span><\/p>\n","protected":false},"author":1,"featured_media":0,"parent":0,"menu_order":3,"comment_status":"closed","ping_status":"closed","template":"","meta":{"footnotes":""},"class_list":["post-105","page","type-page","status-publish","hentry","no-post-thumbnail"],"_links":{"self":[{"href":"https:\/\/patrick.fam-gollnick.de\/index.php\/wp-json\/wp\/v2\/pages\/105","targetHints":{"allow":["GET"]}}],"collection":[{"href":"https:\/\/patrick.fam-gollnick.de\/index.php\/wp-json\/wp\/v2\/pages"}],"about":[{"href":"https:\/\/patrick.fam-gollnick.de\/index.php\/wp-json\/wp\/v2\/types\/page"}],"author":[{"embeddable":true,"href":"https:\/\/patrick.fam-gollnick.de\/index.php\/wp-json\/wp\/v2\/users\/1"}],"replies":[{"embeddable":true,"href":"https:\/\/patrick.fam-gollnick.de\/index.php\/wp-json\/wp\/v2\/comments?post=105"}],"version-history":[{"count":43,"href":"https:\/\/patrick.fam-gollnick.de\/index.php\/wp-json\/wp\/v2\/pages\/105\/revisions"}],"predecessor-version":[{"id":527,"href":"https:\/\/patrick.fam-gollnick.de\/index.php\/wp-json\/wp\/v2\/pages\/105\/revisions\/527"}],"wp:attachment":[{"href":"https:\/\/patrick.fam-gollnick.de\/index.php\/wp-json\/wp\/v2\/media?parent=105"}],"curies":[{"name":"wp","href":"https:\/\/api.w.org\/{rel}","templated":true}]}}